
{"id":2,"date":"2026-05-07T12:49:35","date_gmt":"2026-05-07T12:49:35","guid":{"rendered":"http:\/\/localhost\/swim\/?page_id=2"},"modified":"2026-05-10T17:07:24","modified_gmt":"2026-05-10T14:07:24","slug":"sample-page","status":"publish","type":"page","link":"https:\/\/swim.sporticitate.ro\/","title":{"rendered":"Home"},"content":{"rendered":"<div class=\"swim-home-text-box\"><strong>GRUPUL \u00ceNOT<\/strong> va cuprinde to\u021bi copiii, indiferent de nivel, cu disponibilitate de <strong>max. 8 locuri<\/strong> pe fiecare or\u0103. <strong>Zilele marcate cu ro\u0219u<\/strong> arat\u0103 c\u0103 nu mai sunt locuri disponibile. <strong>Termenul-limit\u0103 de rezervare<\/strong> este stabilit cu 12 ore \u00eenainte. <strong>Termenul de anulare<\/strong> este stabilit cu 6 ore \u00eenainte.<br \/>\n<span class=\"swim-home-strong-line\" style=\"color: #0000ff;\">LEC\u021aIA SE \u021aINE CU UN MINIM DE 3 COPII.<\/span><br \/>\n<span class=\"swim-home-strong-line\">Pentru fiecare copil participant este necesar\u0103 o rezervare separat\u0103.<\/span><br \/>\nPentru mai multe informa\u021bii sunati la<br \/>\n<span><strong  style=\"color: #0000ff;\">0724 318296<\/strong><\/span><\/div>\n        <style>\n        .brc-mb-public-screen {\n            width: 100%;\n            padding: 18px 12px;\n            box-sizing: border-box;\n            overflow-x: hidden;\n        }\n\n        .brc-mb-public-wrap {\n            width: 100%;\n            max-width: 960px;\n            margin: 0 auto;\n            box-sizing: border-box;\n        }\n\n        .brc-mb-public-card {\n            position: relative;\n            background: rgba(255, 255, 255, 0.96);\n            border: 1px solid rgba(220, 227, 234, 0.92);\n            border-radius: 22px;\n            padding: 16px 12px 14px 12px;\n            box-sizing: border-box;\n            box-shadow:\n                0 18px 44px rgba(15, 23, 42, 0.08),\n                0 2px 8px rgba(15, 23, 42, 0.04);\n        }\n\n        .brc-mb-public-card::before {\n            content: '';\n            display: block;\n            width: 52px;\n            height: 6px;\n            border-radius: 999px;\n            background: rgba(8, 145, 178, 0.16);\n            margin: 0 auto 14px auto;\n        }\n\n        .brc-mb-public-head {\n            margin-bottom: 14px;\n        }\n\n        .brc-mb-public-title {\n            margin: 0 0 6px 0;\n            font-size: 1.18rem;\n            line-height: 1.14;\n            font-weight: 600;\n            letter-spacing: -0.015em;\n            color: #0f172a;\n            text-align: center;\n        }\n\n        .brc-mb-public-actions-row {\n            display: flex;\n            align-items: center;\n            justify-content: space-between;\n            gap: 10px;\n            margin: 0 0 8px 0;\n        }\n\n        .brc-mb-public-actions-hidden {\n            display: none !important;\n        }\n\n        .brc-mb-public-mini-btn {\n            display: inline-flex;\n            align-items: center;\n            justify-content: center;\n            flex: 0 0 auto;\n            min-height: 28px;\n            min-width: 74px;\n            padding: 6px 10px;\n            border-radius: 999px;\n            font-size: 0.74rem;\n            line-height: 1;\n            font-weight: 600;\n            text-decoration: none;\n            box-sizing: border-box;\n            white-space: nowrap;\n        }\n\n        .brc-mb-public-my-bookings {\n            border: 1px solid rgba(8, 145, 178, 0.28);\n            background: #ecfeff;\n            color: #075985;\n        }\n\n        .brc-mb-public-my-bookings:hover,\n        .brc-mb-public-my-bookings:focus,\n        .brc-mb-public-my-bookings:focus-visible {\n            color: #075985;\n            background: #dff8ff;\n            text-decoration: none;\n        }\n\n        .brc-mb-public-logout {\n            border: 1px solid rgba(185, 28, 28, 0.28);\n            background: #fff5f5;\n            color: #9b1c1c;\n        }\n\n        .brc-mb-public-logout:hover,\n        .brc-mb-public-logout:focus,\n        .brc-mb-public-logout:focus-visible {\n            color: #9b1c1c;\n            background: #fee2e2;\n            text-decoration: none;\n        }\n\n        .brc-mb-public-logout-hidden {\n            display: none !important;\n        }\n\n        .brc-mb-public-note {\n            margin: 0;\n            font-size: 0.9rem;\n            line-height: 1.35;\n            font-weight: 400;\n            color: #5b6678;\n            text-align: left;\n        }\n\n        .brc-mb-public-calendar {\n            width: 100%;\n            box-sizing: border-box;\n            overflow-x: hidden;\n        }\n\n        .brc-mb-notice {\n            padding: 12px 13px;\n            border-radius: 15px;\n            font-size: 0.9rem;\n            line-height: 1.35;\n            font-weight: 500;\n            box-sizing: border-box;\n        }\n\n        .brc-mb-notice strong {\n            font-weight: 600;\n        }\n\n        .brc-mb-notice-warning {\n            border: 1px solid #ffe08a;\n            background: #fff8dd;\n            color: #856404;\n        }\n\n        @media (max-width: 480px) {\n            .brc-mb-public-screen {\n                padding: max(10px, env(safe-area-inset-top)) 8px max(16px, env(safe-area-inset-bottom)) 8px;\n            }\n\n            .brc-mb-public-card {\n                border-radius: 18px;\n                padding: 14px 10px 12px 10px;\n            }\n\n            .brc-mb-public-card::before {\n                width: 46px;\n                margin-bottom: 12px;\n            }\n\n            .brc-mb-public-title {\n                font-size: 1.05rem;\n            }\n\n            .brc-mb-public-note {\n                font-size: 0.84rem;\n            }\n\n            .brc-mb-public-mini-btn {\n                min-height: 26px;\n                min-width: 68px;\n                padding: 5px 9px;\n                font-size: 0.7rem;\n            }\n        }\n\n        \/* Swim\/lavinot mobile water-blue hard override for embedded CBooking calendar *\/\n        @media only screen and (max-width: 820px) {\n            .brc-mb-public-calendar div.cbooking-calendar-wrap div.cbooking-calendar .bc-head,\n            .brc-mb-public-calendar div.cbooking-calendar-wrap.small div.cbooking-calendar .bc-head,\n            .brc-mb-public-calendar .cbooking-calendar-wrap .cbooking-calendar .bc-head {\n                background: #dff8ff !important;\n                color: #075985 !important;\n            }\n\n            .brc-mb-public-calendar div.cbooking-calendar-wrap div.cbooking-calendar .bc-head .bc-row,\n            .brc-mb-public-calendar div.cbooking-calendar-wrap.small div.cbooking-calendar .bc-head .bc-row,\n            .brc-mb-public-calendar .cbooking-calendar-wrap .cbooking-calendar .bc-head .bc-row {\n                background: transparent !important;\n                color: #075985 !important;\n            }\n\n            .brc-mb-public-calendar div.cbooking-calendar-wrap div.cbooking-calendar .bc-head .bc-row .bc-col,\n            .brc-mb-public-calendar div.cbooking-calendar-wrap.small div.cbooking-calendar .bc-head .bc-row .bc-col,\n            .brc-mb-public-calendar .cbooking-calendar-wrap .cbooking-calendar .bc-head .bc-row .bc-col {\n                background: transparent !important;\n                color: #075985 !important;\n                border-color: rgba(8, 145, 178, 0.24) !important;\n            }\n\n            .brc-mb-public-calendar div.cbooking-calendar-wrap div.cbooking-calendar .bc-head .bc-row .bc-col .monthName,\n            .brc-mb-public-calendar div.cbooking-calendar-wrap.small div.cbooking-calendar .bc-head .bc-row .bc-col .monthName,\n            .brc-mb-public-calendar .cbooking-calendar-wrap .cbooking-calendar .bc-head .bc-row .bc-col .monthName {\n                color: #075985 !important;\n            }\n\n            .brc-mb-public-calendar div.cbooking-calendar-wrap div.cbooking-calendar .bc-head .bc-row.days,\n            .brc-mb-public-calendar div.cbooking-calendar-wrap.small div.cbooking-calendar .bc-head .bc-row.days,\n            .brc-mb-public-calendar .cbooking-calendar-wrap .cbooking-calendar .bc-head .bc-row.days {\n                background: #8ee7f2 !important;\n                color: #075985 !important;\n            }\n\n            .brc-mb-public-calendar div.cbooking-calendar-wrap div.cbooking-calendar .bc-head .bc-row.days .bc-col,\n            .brc-mb-public-calendar div.cbooking-calendar-wrap.small div.cbooking-calendar .bc-head .bc-row.days .bc-col,\n            .brc-mb-public-calendar .cbooking-calendar-wrap .cbooking-calendar .bc-head .bc-row.days .bc-col {\n                background: transparent !important;\n                color: #075985 !important;\n                border-color: rgba(8, 145, 178, 0.24) !important;\n            }\n\n            .brc-mb-public-calendar div.cbooking-calendar-wrap div.cbooking-calendar .bc-head .page-left,\n            .brc-mb-public-calendar div.cbooking-calendar-wrap div.cbooking-calendar .bc-head .page-right,\n            .brc-mb-public-calendar div.cbooking-calendar-wrap.small div.cbooking-calendar .bc-head .page-left,\n            .brc-mb-public-calendar div.cbooking-calendar-wrap.small div.cbooking-calendar .bc-head .page-right {\n                color: #075985 !important;\n                background: rgba(255, 255, 255, 0.88) !important;\n            }\n\n            .brc-mb-public-calendar div.cbooking-calendar-wrap div.cbooking-calendar .bc-body .bc-row.week .bc-col.active .date,\n            .brc-mb-public-calendar div.cbooking-calendar-wrap div.cbooking-calendar .bc-body .bc-row.week .bc-col.active:hover .date,\n            .brc-mb-public-calendar div.cbooking-calendar-wrap.small div.cbooking-calendar .bc-body .bc-row.week .bc-col.active .date,\n            .brc-mb-public-calendar div.cbooking-calendar-wrap.small div.cbooking-calendar .bc-body .bc-row.week .bc-col.active:hover .date {\n                background: #dff8ff !important;\n            }\n\n            .brc-mb-public-calendar div.cbooking-calendar-wrap div.cbooking-calendar .bc-body .bc-row.week .bc-col.active .date .number,\n            .brc-mb-public-calendar div.cbooking-calendar-wrap div.cbooking-calendar .bc-body .bc-row.week .bc-col.active:hover .date .number,\n            .brc-mb-public-calendar div.cbooking-calendar-wrap.small div.cbooking-calendar .bc-body .bc-row.week .bc-col.active .date .number,\n            .brc-mb-public-calendar div.cbooking-calendar-wrap.small div.cbooking-calendar .bc-body .bc-row.week .bc-col.active:hover .date .number {\n                background: #ffffff !important;\n                color: #075985 !important;\n                box-shadow: inset 0 0 0 2px #28bfd3 !important;\n            }\n\n            .brc-mb-public-calendar div.cbooking-calendar .cbooking-appt-list .timeslot .timeslot-people button,\n            .brc-mb-public-calendar .cbooking-calendar .cbooking-appt-list .timeslot .timeslot-people button,\n            .brc-mb-public-calendar div.cbooking-calendar-wrap.small .cbooking-appt-list .timeslot .timeslot-people button.button,\n            .brc-mb-public-calendar .cbooking-appt-list .timeslot .new-appt.button {\n                border-color: rgba(8, 145, 178, 0.28) !important;\n                background: linear-gradient(180deg, rgba(40, 191, 211, 0.96) 0%, rgba(8, 145, 178, 0.96) 100%) !important;\n                box-shadow: 0 7px 16px rgba(8, 145, 178, 0.17) !important;\n                color: #ffffff !important;\n            }\n        }\n\n        \/* Swim\/lavinot CBooking modal hard override from Home router *\/\n        body .brc-mb-public-screen .cbooking-modal .bm-window p.cbooking-title-bar,\n        body .cbooking-modal .bm-window p.cbooking-title-bar,\n        body .cbooking-modal p.cbooking-title-bar {\n            background: #dff8ff !important;\n            color: #075985 !important;\n            border-color: rgba(8, 145, 178, 0.24) !important;\n        }\n\n        body .brc-mb-public-screen .cbooking-modal .bm-window .close,\n        body .brc-mb-public-screen .cbooking-modal .bm-window .close::before,\n        body .cbooking-modal .bm-window .close,\n        body .cbooking-modal .bm-window .close::before {\n            color: #075985 !important;\n        }\n\n        body .brc-mb-public-screen .cbooking-modal input[type=submit].button-primary,\n        body .brc-mb-public-screen .cbooking-modal button.button-primary,\n        body .brc-mb-public-screen .cbooking-modal input[type=submit],\n        body .cbooking-modal input[type=submit].button-primary,\n        body .cbooking-modal button.button-primary,\n        body .cbooking-modal input[type=submit] {\n            border-color: rgba(8, 145, 178, 0.28) !important;\n            background: linear-gradient(180deg, rgba(40, 191, 211, 0.96) 0%, rgba(8, 145, 178, 0.96) 100%) !important;\n            box-shadow: 0 8px 18px rgba(8, 145, 178, 0.17) !important;\n            color: #ffffff !important;\n        }\n\n        body .brc-mb-public-screen .cbooking-modal input[type=submit].button-primary:hover,\n        body .brc-mb-public-screen .cbooking-modal button.button-primary:hover,\n        body .brc-mb-public-screen .cbooking-modal input[type=submit]:hover,\n        body .cbooking-modal input[type=submit].button-primary:hover,\n        body .cbooking-modal button.button-primary:hover,\n        body .cbooking-modal input[type=submit]:hover {\n            background: linear-gradient(180deg, rgba(7, 89, 133, 0.96) 0%, rgba(8, 111, 153, 0.96) 100%) !important;\n            color: #ffffff !important;\n        }\n\n        body .brc-mb-public-screen .cbooking-modal .cbooking-appointment-details .appointment-info,\n        body .cbooking-modal .cbooking-appointment-details .appointment-info {\n            background: rgba(223, 248, 255, 0.96) !important;\n            border-color: rgba(8, 145, 178, 0.24) !important;\n            color: #075985 !important;\n        }\n\n        body .brc-mb-public-screen .cbooking-modal .bm-window p.status .brc-cbooking-confirm-msg,\n        body .brc-mb-public-screen .cbooking-modal .brc-cbooking-confirm-msg,\n        body .cbooking-modal .bm-window p.status .brc-cbooking-confirm-msg,\n        body .cbooking-modal .brc-cbooking-confirm-msg {\n            border-color: rgba(8, 145, 178, 0.28) !important;\n            background: #ecfeff !important;\n            color: #075985 !important;\n        }\n\n        @media only screen and (max-width: 820px) {\n            html body .cbooking-modal .bm-window p.cbooking-title-bar,\n            html body .cbooking-modal p.cbooking-title-bar {\n                background: #dff8ff !important;\n                color: #075985 !important;\n                border-color: rgba(8, 145, 178, 0.24) !important;\n            }\n\n            html body .cbooking-modal .bm-window .close,\n            html body .cbooking-modal .bm-window .close::before {\n                color: #075985 !important;\n            }\n\n            html body .cbooking-modal input[type=submit].button-primary,\n            html body .cbooking-modal button.button-primary,\n            html body .cbooking-modal input[type=submit] {\n                border-color: rgba(8, 145, 178, 0.28) !important;\n                background: linear-gradient(180deg, rgba(40, 191, 211, 0.96) 0%, rgba(8, 145, 178, 0.96) 100%) !important;\n                box-shadow: 0 8px 18px rgba(8, 145, 178, 0.17) !important;\n                color: #ffffff !important;\n            }\n\n            html body .cbooking-modal .cbooking-appointment-details .appointment-info {\n                background: rgba(223, 248, 255, 0.96) !important;\n                border-color: rgba(8, 145, 178, 0.24) !important;\n                color: #075985 !important;\n            }\n        }\n    <\/style>\n    \n    <section class=\"brc-mb-public-screen\">\n        <div class=\"brc-mb-public-wrap\">\n            <div class=\"brc-mb-public-card\">\n                <header class=\"brc-mb-public-head\">\n                    <h2 class=\"brc-mb-public-title\">\n                        Calendar rezerv\u0103ri\n                    <\/h2>\n\n                    <div class=\"brc-mb-public-actions-row\">\n                        <a\n                            class=\"brc-mb-public-mini-btn brc-mb-public-my-bookings\"\n                            href=\"https:\/\/swim.sporticitate.ro\/index.php\/my-bookings\/\"\n                            target=\"_self\"\n                        >\n                            Rezerv\u0103rile mele\n                        <\/a>\n\n                        <a\n                            class=\"brc-mb-public-mini-btn brc-mb-public-logout brc-mb-public-logout-hidden\"\n                            href=\"https:\/\/swim.sporticitate.ro\/?brc_front_logout=1&#038;_brc_logout_nonce=d6a9ecbfb5\"\n                            target=\"_self\"\n                        >\n                            Logout\n                        <\/a>\n                    <\/div>\n\n                    <p class=\"brc-mb-public-note\">\n                        Alege\u021bi o zi disponibil\u0103 eviden\u021biat\u0103 \u00een alb, apoi ora dorit\u0103.\n                    <\/p>\n                <\/header>\n\n                <div class=\"brc-mb-public-calendar\">\n                    <div class=\"cbooking-calendar-shortcode-wrap\"><div class=\"cbooking-calendar-wrap large\"><div class=\"cbooking-calendar\" data-calendar-id=\"2\" data-calendar-date=\"2026-05-01\">\n\t\t<div class=\"bc-head\">\n\n\t\t\t\n\t\t\t<div class=\"bc-row top\">\n\t\t\t\t<div class=\"bc-col\">\n\t\t\t\t\t\t\t\t\t\t<span class=\"calendarSavingState\">\n\t\t\t\t\t\t<i class=\"fa-solid fa-circle-notch fa-spin\"><\/i>\n\t\t\t\t\t<\/span>\n\t\t\t\t\t<span class=\"monthName\">\n\t\t\t\t\t\tMai 2026\t\t\t\t\t\t\t\t\t\t\t<\/span>\n\t\t\t\t\t<a href=\"#\" data-goto=\"2026-06-01\" class=\"page-right\"><i class=\"fa-solid fa-arrow-right\"><\/i><\/a>\t\t\t\t<\/div>\n\t\t\t<\/div>\n\t\t\t<div class=\"bc-row days\">\n\t\t<div class=\"bc-col\">LUN<\/div>\n\t<div class=\"bc-col\">MAR<\/div>\n\t<div class=\"bc-col\">MIE<\/div>\n\t<div class=\"bc-col\">JOI<\/div>\n\t<div class=\"bc-col\">VIN<\/div>\n\t<div class=\"bc-col\">S\u00c2M<\/div>\t<div class=\"bc-col\">DUM<\/div><\/div>\n\t\t<\/div>\n\t\t<div class=\"bc-body\"><div class=\"bc-row week\"><div data-date=\"2026-04-27\" class=\"bc-col prev-month prev-date\"><span class=\"date\"><span class=\"number\">27<\/span><\/span><\/div><div data-date=\"2026-04-28\" class=\"bc-col prev-month prev-date\"><span class=\"date\"><span class=\"number\">28<\/span><\/span><\/div><div data-date=\"2026-04-29\" class=\"bc-col prev-month prev-date\"><span class=\"date\"><span class=\"number\">29<\/span><\/span><\/div><div data-date=\"2026-04-30\" class=\"bc-col prev-month prev-date\"><span class=\"date\"><span class=\"number\">30<\/span><\/span><\/div><div data-date=\"2026-05-1\" class=\"bc-col prev-date\"><span class=\"date\"><span class=\"number\">1<\/span><\/span><\/div><div data-date=\"2026-05-2\" class=\"bc-col prev-date\"><span class=\"date\"><span class=\"number\">2<\/span><\/span><\/div><div data-date=\"2026-05-3\" class=\"bc-col prev-date\"><span class=\"date\"><span class=\"number\">3<\/span><\/span><\/div><\/div><div class=\"bc-row week\"><div data-date=\"2026-05-4\" class=\"bc-col prev-date\"><span class=\"date\"><span class=\"number\">4<\/span><\/span><\/div><div data-date=\"2026-05-5\" class=\"bc-col prev-date\"><span class=\"date\"><span class=\"number\">5<\/span><\/span><\/div><div data-date=\"2026-05-6\" class=\"bc-col prev-date\"><span class=\"date\"><span class=\"number\">6<\/span><\/span><\/div><div data-date=\"2026-05-7\" class=\"bc-col prev-date\"><span class=\"date\"><span class=\"number\">7<\/span><\/span><\/div><div data-date=\"2026-05-8\" class=\"bc-col prev-date\"><span class=\"date\"><span class=\"number\">8<\/span><\/span><\/div><div data-date=\"2026-05-9\" class=\"bc-col prev-date\"><span class=\"date\"><span class=\"number\">9<\/span><\/span><\/div><div data-date=\"2026-05-10\" class=\"bc-col prev-date\"><span class=\"date\"><span class=\"number\">10<\/span><\/span><\/div><\/div><div class=\"bc-row week\"><div data-date=\"2026-05-11\" class=\"bc-col prev-date\"><span class=\"date\"><span class=\"number\">11<\/span><\/span><\/div><div data-date=\"2026-05-12\" class=\"bc-col prev-date\"><span class=\"date\"><span class=\"number\">12<\/span><\/span><\/div><div data-date=\"2026-05-13\" class=\"bc-col today prev-date\"><span class=\"date\"><span class=\"number\">13<\/span><\/span><\/div><div data-date=\"2026-05-14\" class=\"bc-col \"><span class=\"date tooltipster\" title=\"1 Available\"><span class=\"number\">14<\/span><\/span><\/div><div data-date=\"2026-05-15\" class=\"bc-col prev-date\"><span class=\"date\"><span class=\"number\">15<\/span><\/span><\/div><div data-date=\"2026-05-16\" class=\"bc-col prev-date\"><span class=\"date\"><span class=\"number\">16<\/span><\/span><\/div><div data-date=\"2026-05-17\" class=\"bc-col prev-date\"><span class=\"date\"><span class=\"number\">17<\/span><\/span><\/div><\/div><div class=\"bc-row week\"><div data-date=\"2026-05-18\" class=\"bc-col prev-date\"><span class=\"date\"><span class=\"number\">18<\/span><\/span><\/div><div data-date=\"2026-05-19\" class=\"bc-col \"><span class=\"date tooltipster\" title=\"11 Available\"><span class=\"number\">19<\/span><\/span><\/div><div data-date=\"2026-05-20\" class=\"bc-col prev-date\"><span class=\"date\"><span class=\"number\">20<\/span><\/span><\/div><div data-date=\"2026-05-21\" class=\"bc-col \"><span class=\"date tooltipster\" title=\"12 Available\"><span class=\"number\">21<\/span><\/span><\/div><div data-date=\"2026-05-22\" class=\"bc-col prev-date\"><span class=\"date\"><span class=\"number\">22<\/span><\/span><\/div><div data-date=\"2026-05-23\" class=\"bc-col prev-date\"><span class=\"date\"><span class=\"number\">23<\/span><\/span><\/div><div data-date=\"2026-05-24\" class=\"bc-col prev-date\"><span class=\"date\"><span class=\"number\">24<\/span><\/span><\/div><\/div><div class=\"bc-row week\"><div data-date=\"2026-05-25\" class=\"bc-col prev-date\"><span class=\"date\"><span class=\"number\">25<\/span><\/span><\/div><div data-date=\"2026-05-26\" class=\"bc-col \"><span class=\"date tooltipster\" title=\"15 Available\"><span class=\"number\">26<\/span><\/span><\/div><div data-date=\"2026-05-27\" class=\"bc-col prev-date\"><span class=\"date\"><span class=\"number\">27<\/span><\/span><\/div><div data-date=\"2026-05-28\" class=\"bc-col \"><span class=\"date tooltipster\" title=\"15 Available\"><span class=\"number\">28<\/span><\/span><\/div><div data-date=\"2026-05-29\" class=\"bc-col prev-date\"><span class=\"date\"><span class=\"number\">29<\/span><\/span><\/div><div data-date=\"2026-05-30\" class=\"bc-col prev-date\"><span class=\"date\"><span class=\"number\">30<\/span><\/span><\/div><div data-date=\"2026-05-31\" class=\"bc-col prev-date\"><span class=\"date\"><span class=\"number\">31<\/span><\/span><\/div><\/div>\t\t<\/div>\n\t<\/div><\/div><\/div>                <\/div>\n            <\/div>\n        <\/div>\n    <\/section>\n    \n","protected":false},"excerpt":{"rendered":"<p>GRUPUL \u00ceNOT va cuprinde to\u021bi copiii, indiferent de nivel, cu disponibilitate de max. 8 locuri pe fiecare or\u0103. Zilele marcate cu ro\u0219u arat\u0103 c\u0103 nu mai sunt locuri disponibile. Termenul-limit\u0103 de rezervare este stabilit cu 12 ore \u00eenainte. Termenul de anulare este stabilit cu 6 ore \u00eenainte. LEC\u021aIA SE \u021aINE CU UN MINIM DE 3&hellip;&nbsp;<\/p>\n","protected":false},"author":1,"featured_media":0,"parent":0,"menu_order":0,"comment_status":"closed","ping_status":"open","template":"page-templates\/template-pagebuilder-full-width.php","meta":{"neve_meta_sidebar":"full-width","neve_meta_container":"","neve_meta_enable_content_width":"on","neve_meta_content_width":95,"neve_meta_title_alignment":"","neve_meta_author_avatar":"","neve_post_elements_order":"","neve_meta_disable_header":"","neve_meta_disable_footer":"","neve_meta_disable_title":"","footnotes":""},"class_list":["post-2","page","type-page","status-publish","hentry"],"_links":{"self":[{"href":"https:\/\/swim.sporticitate.ro\/index.php\/wp-json\/wp\/v2\/pages\/2","targetHints":{"allow":["GET"]}}],"collection":[{"href":"https:\/\/swim.sporticitate.ro\/index.php\/wp-json\/wp\/v2\/pages"}],"about":[{"href":"https:\/\/swim.sporticitate.ro\/index.php\/wp-json\/wp\/v2\/types\/page"}],"author":[{"embeddable":true,"href":"https:\/\/swim.sporticitate.ro\/index.php\/wp-json\/wp\/v2\/users\/1"}],"replies":[{"embeddable":true,"href":"https:\/\/swim.sporticitate.ro\/index.php\/wp-json\/wp\/v2\/comments?post=2"}],"version-history":[{"count":0,"href":"https:\/\/swim.sporticitate.ro\/index.php\/wp-json\/wp\/v2\/pages\/2\/revisions"}],"wp:attachment":[{"href":"https:\/\/swim.sporticitate.ro\/index.php\/wp-json\/wp\/v2\/media?parent=2"}],"curies":[{"name":"wp","href":"https:\/\/api.w.org\/{rel}","templated":true}]}}